{"id":1012,"date":"2019-07-05T12:54:36","date_gmt":"2019-07-05T12:54:36","guid":{"rendered":"http:\/\/plasticos-brello.com\/?page_id=1012"},"modified":"2019-07-05T12:54:36","modified_gmt":"2019-07-05T12:54:36","slug":"sitemap","status":"publish","type":"page","link":"https:\/\/plasticos-brello.com\/de\/sitemap\/","title":{"rendered":"Sitemap"},"content":{"rendered":"<p>[vc_row css=&#8220;.vc_custom_1508414403502{background-position: center !important;background-repeat: no-repeat !important;background-size: cover !important;}&#8220;][vc_column css=&#8220;.vc_custom_1508414450708{background-color: #ffffff !important;}&#8220;][vc_wp_custommenu nav_menu=&#8220;20&#8243;][\/vc_column][\/vc_row]<\/p>\n","protected":false},"excerpt":{"rendered":"<p>[vc_row css=&#8220;.vc_custom_1508414403502{background-position: center !important;background-repeat: no-repeat !important;background-size: cover !important;}&#8220;][vc_column css=&#8220;.vc_custom_1508414450708{background-color: #ffffff !important;}&#8220;][vc_wp_custommenu nav_menu=&#8220;20&#8243;][\/vc_column][\/vc_row]<\/p>\n","protected":false},"author":1,"featured_media":0,"parent":0,"menu_order":0,"comment_status":"closed","ping_status":"closed","template":"","meta":[],"acf":[],"yoast_head":"<!-- This site is optimized with the Yoast SEO plugin v18.9 - https:\/\/yoast.com\/wordpress\/plugins\/seo\/ -->\n<title>Sitemap - Pl\u00e1sticos Brello<\/title>\n<meta name=\"robots\" content=\"index, follow, max-snippet:-1, max-image-preview:large, max-video-preview:-1\" \/>\n<link rel=\"canonical\" href=\"https:\/\/plasticos-brello.com\/de\/sitemap\/\" \/>\n<meta property=\"og:locale\" content=\"de_DE\" \/>\n<meta property=\"og:type\" content=\"article\" \/>\n<meta property=\"og:title\" content=\"Sitemap - Pl\u00e1sticos Brello\" \/>\n<meta property=\"og:description\" content=\"[vc_row css=&#8220;.vc_custom_1508414403502{background-position: center !important;background-repeat: no-repeat !important;background-size: cover !important;}&#8220;][vc_column css=&#8220;.vc_custom_1508414450708{background-color: #ffffff !important;}&#8220;][vc_wp_custommenu nav_menu=&#8220;20&#8243;][\/vc_column][\/vc_row]\" \/>\n<meta property=\"og:url\" content=\"https:\/\/plasticos-brello.com\/de\/sitemap\/\" \/>\n<meta property=\"og:site_name\" content=\"Pl\u00e1sticos Brello\" \/>\n<meta name=\"twitter:card\" content=\"summary\" \/>\n<script type=\"application\/ld+json\" class=\"yoast-schema-graph\">{\"@context\":\"https:\/\/schema.org\",\"@graph\":[{\"@type\":\"WebSite\",\"@id\":\"https:\/\/plasticos-brello.com\/de\/#website\",\"url\":\"https:\/\/plasticos-brello.com\/de\/\",\"name\":\"Pl\u00e1sticos Brello\",\"description\":\"Inyecci\u00f3n de termopl\u00e1sticos\",\"potentialAction\":[{\"@type\":\"SearchAction\",\"target\":{\"@type\":\"EntryPoint\",\"urlTemplate\":\"https:\/\/plasticos-brello.com\/de\/?s={search_term_string}\"},\"query-input\":\"required name=search_term_string\"}],\"inLanguage\":\"de-DE\"},{\"@type\":\"WebPage\",\"@id\":\"https:\/\/plasticos-brello.com\/de\/sitemap\/#webpage\",\"url\":\"https:\/\/plasticos-brello.com\/de\/sitemap\/\",\"name\":\"Sitemap - Pl\u00e1sticos Brello\",\"isPartOf\":{\"@id\":\"https:\/\/plasticos-brello.com\/de\/#website\"},\"datePublished\":\"2019-07-05T12:54:36+00:00\",\"dateModified\":\"2019-07-05T12:54:36+00:00\",\"breadcrumb\":{\"@id\":\"https:\/\/plasticos-brello.com\/de\/sitemap\/#breadcrumb\"},\"inLanguage\":\"de-DE\",\"potentialAction\":[{\"@type\":\"ReadAction\",\"target\":[\"https:\/\/plasticos-brello.com\/de\/sitemap\/\"]}]},{\"@type\":\"BreadcrumbList\",\"@id\":\"https:\/\/plasticos-brello.com\/de\/sitemap\/#breadcrumb\",\"itemListElement\":[{\"@type\":\"ListItem\",\"position\":1,\"name\":\"Portada\",\"item\":\"https:\/\/plasticos-brello.com\/de\/\"},{\"@type\":\"ListItem\",\"position\":2,\"name\":\"Sitemap\"}]}]}<\/script>\n<!-- \/ Yoast SEO plugin. -->","yoast_head_json":{"title":"Sitemap - Pl\u00e1sticos Brello","robots":{"index":"index","follow":"follow","max-snippet":"max-snippet:-1","max-image-preview":"max-image-preview:large","max-video-preview":"max-video-preview:-1"},"canonical":"https:\/\/plasticos-brello.com\/de\/sitemap\/","og_locale":"de_DE","og_type":"article","og_title":"Sitemap - Pl\u00e1sticos Brello","og_description":"[vc_row css=&#8220;.vc_custom_1508414403502{background-position: center !important;background-repeat: no-repeat !important;background-size: cover !important;}&#8220;][vc_column css=&#8220;.vc_custom_1508414450708{background-color: #ffffff !important;}&#8220;][vc_wp_custommenu nav_menu=&#8220;20&#8243;][\/vc_column][\/vc_row]","og_url":"https:\/\/plasticos-brello.com\/de\/sitemap\/","og_site_name":"Pl\u00e1sticos Brello","twitter_card":"summary","schema":{"@context":"https:\/\/schema.org","@graph":[{"@type":"WebSite","@id":"https:\/\/plasticos-brello.com\/de\/#website","url":"https:\/\/plasticos-brello.com\/de\/","name":"Pl\u00e1sticos Brello","description":"Inyecci\u00f3n de termopl\u00e1sticos","potentialAction":[{"@type":"SearchAction","target":{"@type":"EntryPoint","urlTemplate":"https:\/\/plasticos-brello.com\/de\/?s={search_term_string}"},"query-input":"required name=search_term_string"}],"inLanguage":"de-DE"},{"@type":"WebPage","@id":"https:\/\/plasticos-brello.com\/de\/sitemap\/#webpage","url":"https:\/\/plasticos-brello.com\/de\/sitemap\/","name":"Sitemap - Pl\u00e1sticos Brello","isPartOf":{"@id":"https:\/\/plasticos-brello.com\/de\/#website"},"datePublished":"2019-07-05T12:54:36+00:00","dateModified":"2019-07-05T12:54:36+00:00","breadcrumb":{"@id":"https:\/\/plasticos-brello.com\/de\/sitemap\/#breadcrumb"},"inLanguage":"de-DE","potentialAction":[{"@type":"ReadAction","target":["https:\/\/plasticos-brello.com\/de\/sitemap\/"]}]},{"@type":"BreadcrumbList","@id":"https:\/\/plasticos-brello.com\/de\/sitemap\/#breadcrumb","itemListElement":[{"@type":"ListItem","position":1,"name":"Portada","item":"https:\/\/plasticos-brello.com\/de\/"},{"@type":"ListItem","position":2,"name":"Sitemap"}]}]}},"_links":{"self":[{"href":"https:\/\/plasticos-brello.com\/de\/wp-json\/wp\/v2\/pages\/1012"}],"collection":[{"href":"https:\/\/plasticos-brello.com\/de\/wp-json\/wp\/v2\/pages"}],"about":[{"href":"https:\/\/plasticos-brello.com\/de\/wp-json\/wp\/v2\/types\/page"}],"author":[{"embeddable":true,"href":"https:\/\/plasticos-brello.com\/de\/wp-json\/wp\/v2\/users\/1"}],"replies":[{"embeddable":true,"href":"https:\/\/plasticos-brello.com\/de\/wp-json\/wp\/v2\/comments?post=1012"}],"version-history":[{"count":2,"href":"https:\/\/plasticos-brello.com\/de\/wp-json\/wp\/v2\/pages\/1012\/revisions"}],"predecessor-version":[{"id":1014,"href":"https:\/\/plasticos-brello.com\/de\/wp-json\/wp\/v2\/pages\/1012\/revisions\/1014"}],"wp:attachment":[{"href":"https:\/\/plasticos-brello.com\/de\/wp-json\/wp\/v2\/media?parent=1012"}],"curies":[{"name":"wp","href":"https:\/\/api.w.org\/{rel}","templated":true}]}}