{"id":769,"date":"2018-02-26T07:32:19","date_gmt":"2018-02-26T07:32:19","guid":{"rendered":"http:\/\/plasticos-brello.com\/?page_id=769"},"modified":"2022-09-17T15:14:39","modified_gmt":"2022-09-17T15:14:39","slug":"inicio","status":"publish","type":"page","link":"https:\/\/plasticos-brello.com\/de\/","title":{"rendered":"Kunststoffhersteller"},"content":{"rendered":"","protected":false},"excerpt":{"rendered":"","protected":false},"author":1,"featured_media":0,"parent":0,"menu_order":0,"comment_status":"closed","ping_status":"closed","template":"","meta":[],"acf":[],"yoast_head":"<!-- This site is optimized with the Yoast SEO plugin v18.9 - https:\/\/yoast.com\/wordpress\/plugins\/seo\/ -->\n<title>Kunststoffhersteller - Kunststoffspritzguss unternehmen<\/title>\n<meta name=\"description\" content=\"Mit Sitz in Navarra, Spanien, stellen wir kleine und gro\u00dfe Kunststoffteile f\u00fcr verschiedene Branchen her. Experten f\u00fcr die Herstellung von Bikomponenten- und Einkomponententeilen.\" \/>\n<meta name=\"robots\" content=\"index, follow, max-snippet:-1, max-image-preview:large, max-video-preview:-1\" \/>\n<link rel=\"canonical\" href=\"https:\/\/plasticos-brello.com\/de\/\" \/>\n<meta property=\"og:locale\" content=\"de_DE\" \/>\n<meta property=\"og:type\" content=\"article\" \/>\n<meta property=\"og:title\" content=\"Kunststoffhersteller - Kunststoffspritzguss unternehmen\" \/>\n<meta property=\"og:description\" content=\"Mit Sitz in Navarra, Spanien, stellen wir kleine und gro\u00dfe Kunststoffteile f\u00fcr verschiedene Branchen her. Experten f\u00fcr die Herstellung von Bikomponenten- und Einkomponententeilen.\" \/>\n<meta property=\"og:url\" content=\"https:\/\/plasticos-brello.com\/de\/\" \/>\n<meta property=\"og:site_name\" content=\"Pl\u00e1sticos Brello\" \/>\n<meta property=\"article:modified_time\" content=\"2022-09-17T15:14:39+00:00\" \/>\n<meta name=\"twitter:card\" content=\"summary\" \/>\n<script type=\"application\/ld+json\" class=\"yoast-schema-graph\">{\"@context\":\"https:\/\/schema.org\",\"@graph\":[{\"@type\":\"WebSite\",\"@id\":\"https:\/\/plasticos-brello.com\/de\/#website\",\"url\":\"https:\/\/plasticos-brello.com\/de\/\",\"name\":\"Pl\u00e1sticos Brello\",\"description\":\"Inyecci\u00f3n de termopl\u00e1sticos\",\"potentialAction\":[{\"@type\":\"SearchAction\",\"target\":{\"@type\":\"EntryPoint\",\"urlTemplate\":\"https:\/\/plasticos-brello.com\/de\/?s={search_term_string}\"},\"query-input\":\"required name=search_term_string\"}],\"inLanguage\":\"de-DE\"},{\"@type\":\"WebPage\",\"@id\":\"https:\/\/plasticos-brello.com\/de\/#webpage\",\"url\":\"https:\/\/plasticos-brello.com\/de\/\",\"name\":\"Kunststoffhersteller - Kunststoffspritzguss unternehmen\",\"isPartOf\":{\"@id\":\"https:\/\/plasticos-brello.com\/de\/#website\"},\"datePublished\":\"2018-02-26T07:32:19+00:00\",\"dateModified\":\"2022-09-17T15:14:39+00:00\",\"description\":\"Mit Sitz in Navarra, Spanien, stellen wir kleine und gro\u00dfe Kunststoffteile f\u00fcr verschiedene Branchen her. Experten f\u00fcr die Herstellung von Bikomponenten- und Einkomponententeilen.\",\"breadcrumb\":{\"@id\":\"https:\/\/plasticos-brello.com\/de\/#breadcrumb\"},\"inLanguage\":\"de-DE\",\"potentialAction\":[{\"@type\":\"ReadAction\",\"target\":[\"https:\/\/plasticos-brello.com\/de\/\"]}]},{\"@type\":\"BreadcrumbList\",\"@id\":\"https:\/\/plasticos-brello.com\/de\/#breadcrumb\",\"itemListElement\":[{\"@type\":\"ListItem\",\"position\":1,\"name\":\"Portada\",\"item\":\"https:\/\/plasticos-brello.com\/de\/\"},{\"@type\":\"ListItem\",\"position\":2,\"name\":\"Kunststoffhersteller\"}]}]}<\/script>\n<!-- \/ Yoast SEO plugin. -->","yoast_head_json":{"title":"Kunststoffhersteller - Kunststoffspritzguss unternehmen","description":"Mit Sitz in Navarra, Spanien, stellen wir kleine und gro\u00dfe Kunststoffteile f\u00fcr verschiedene Branchen her. Experten f\u00fcr die Herstellung von Bikomponenten- und Einkomponententeilen.","robots":{"index":"index","follow":"follow","max-snippet":"max-snippet:-1","max-image-preview":"max-image-preview:large","max-video-preview":"max-video-preview:-1"},"canonical":"https:\/\/plasticos-brello.com\/de\/","og_locale":"de_DE","og_type":"article","og_title":"Kunststoffhersteller - Kunststoffspritzguss unternehmen","og_description":"Mit Sitz in Navarra, Spanien, stellen wir kleine und gro\u00dfe Kunststoffteile f\u00fcr verschiedene Branchen her. Experten f\u00fcr die Herstellung von Bikomponenten- und Einkomponententeilen.","og_url":"https:\/\/plasticos-brello.com\/de\/","og_site_name":"Pl\u00e1sticos Brello","article_modified_time":"2022-09-17T15:14:39+00:00","twitter_card":"summary","schema":{"@context":"https:\/\/schema.org","@graph":[{"@type":"WebSite","@id":"https:\/\/plasticos-brello.com\/de\/#website","url":"https:\/\/plasticos-brello.com\/de\/","name":"Pl\u00e1sticos Brello","description":"Inyecci\u00f3n de termopl\u00e1sticos","potentialAction":[{"@type":"SearchAction","target":{"@type":"EntryPoint","urlTemplate":"https:\/\/plasticos-brello.com\/de\/?s={search_term_string}"},"query-input":"required name=search_term_string"}],"inLanguage":"de-DE"},{"@type":"WebPage","@id":"https:\/\/plasticos-brello.com\/de\/#webpage","url":"https:\/\/plasticos-brello.com\/de\/","name":"Kunststoffhersteller - Kunststoffspritzguss unternehmen","isPartOf":{"@id":"https:\/\/plasticos-brello.com\/de\/#website"},"datePublished":"2018-02-26T07:32:19+00:00","dateModified":"2022-09-17T15:14:39+00:00","description":"Mit Sitz in Navarra, Spanien, stellen wir kleine und gro\u00dfe Kunststoffteile f\u00fcr verschiedene Branchen her. Experten f\u00fcr die Herstellung von Bikomponenten- und Einkomponententeilen.","breadcrumb":{"@id":"https:\/\/plasticos-brello.com\/de\/#breadcrumb"},"inLanguage":"de-DE","potentialAction":[{"@type":"ReadAction","target":["https:\/\/plasticos-brello.com\/de\/"]}]},{"@type":"BreadcrumbList","@id":"https:\/\/plasticos-brello.com\/de\/#breadcrumb","itemListElement":[{"@type":"ListItem","position":1,"name":"Portada","item":"https:\/\/plasticos-brello.com\/de\/"},{"@type":"ListItem","position":2,"name":"Kunststoffhersteller"}]}]}},"_links":{"self":[{"href":"https:\/\/plasticos-brello.com\/de\/wp-json\/wp\/v2\/pages\/769"}],"collection":[{"href":"https:\/\/plasticos-brello.com\/de\/wp-json\/wp\/v2\/pages"}],"about":[{"href":"https:\/\/plasticos-brello.com\/de\/wp-json\/wp\/v2\/types\/page"}],"author":[{"embeddable":true,"href":"https:\/\/plasticos-brello.com\/de\/wp-json\/wp\/v2\/users\/1"}],"replies":[{"embeddable":true,"href":"https:\/\/plasticos-brello.com\/de\/wp-json\/wp\/v2\/comments?post=769"}],"version-history":[{"count":4,"href":"https:\/\/plasticos-brello.com\/de\/wp-json\/wp\/v2\/pages\/769\/revisions"}],"predecessor-version":[{"id":1831,"href":"https:\/\/plasticos-brello.com\/de\/wp-json\/wp\/v2\/pages\/769\/revisions\/1831"}],"wp:attachment":[{"href":"https:\/\/plasticos-brello.com\/de\/wp-json\/wp\/v2\/media?parent=769"}],"curies":[{"name":"wp","href":"https:\/\/api.w.org\/{rel}","templated":true}]}}