{"id":676,"date":"2016-05-09T08:50:25","date_gmt":"2016-05-09T08:50:25","guid":{"rendered":"http:\/\/plasticos-brello.com\/home-2\/"},"modified":"2021-11-08T12:27:21","modified_gmt":"2021-11-08T12:27:21","slug":"inicio","status":"publish","type":"page","link":"https:\/\/plasticos-brello.com\/en\/","title":{"rendered":"Home"},"content":{"rendered":"","protected":false},"excerpt":{"rendered":"","protected":false},"author":1,"featured_media":0,"parent":0,"menu_order":0,"comment_status":"closed","ping_status":"closed","template":"","meta":[],"acf":[],"yoast_head":"<!-- This site is optimized with the Yoast SEO plugin v18.9 - https:\/\/yoast.com\/wordpress\/plugins\/seo\/ -->\n<title>Plastic Product Manufacter - Plasticos Brello UK<\/title>\n<meta name=\"description\" content=\"Based in Navarra, Spain, we manufacture small and large plastic parts for various sectors. Experts in the manufacture of two-component and one-component parts.\" \/>\n<meta name=\"robots\" content=\"index, follow, max-snippet:-1, max-image-preview:large, max-video-preview:-1\" \/>\n<link rel=\"canonical\" href=\"https:\/\/plasticos-brello.com\/en\/\" \/>\n<meta property=\"og:locale\" content=\"en_US\" \/>\n<meta property=\"og:type\" content=\"article\" \/>\n<meta property=\"og:title\" content=\"Plastic Product Manufacter - Plasticos Brello UK\" \/>\n<meta property=\"og:description\" content=\"Based in Navarra, Spain, we manufacture small and large plastic parts for various sectors. Experts in the manufacture of two-component and one-component parts.\" \/>\n<meta property=\"og:url\" content=\"https:\/\/plasticos-brello.com\/en\/\" \/>\n<meta property=\"og:site_name\" content=\"Pl\u00e1sticos Brello\" \/>\n<meta property=\"article:modified_time\" content=\"2021-11-08T12:27:21+00:00\" \/>\n<meta name=\"twitter:card\" content=\"summary\" \/>\n<script type=\"application\/ld+json\" class=\"yoast-schema-graph\">{\"@context\":\"https:\/\/schema.org\",\"@graph\":[{\"@type\":\"WebSite\",\"@id\":\"https:\/\/plasticos-brello.com\/de\/#website\",\"url\":\"https:\/\/plasticos-brello.com\/de\/\",\"name\":\"Pl\u00e1sticos Brello\",\"description\":\"Inyecci\u00f3n de termopl\u00e1sticos\",\"potentialAction\":[{\"@type\":\"SearchAction\",\"target\":{\"@type\":\"EntryPoint\",\"urlTemplate\":\"https:\/\/plasticos-brello.com\/de\/?s={search_term_string}\"},\"query-input\":\"required name=search_term_string\"}],\"inLanguage\":\"en-US\"},{\"@type\":\"WebPage\",\"@id\":\"https:\/\/plasticos-brello.com\/en\/#webpage\",\"url\":\"https:\/\/plasticos-brello.com\/en\/\",\"name\":\"Plastic Product Manufacter - Plasticos Brello UK\",\"isPartOf\":{\"@id\":\"https:\/\/plasticos-brello.com\/de\/#website\"},\"datePublished\":\"2016-05-09T08:50:25+00:00\",\"dateModified\":\"2021-11-08T12:27:21+00:00\",\"description\":\"Based in Navarra, Spain, we manufacture small and large plastic parts for various sectors. Experts in the manufacture of two-component and one-component parts.\",\"breadcrumb\":{\"@id\":\"https:\/\/plasticos-brello.com\/en\/#breadcrumb\"},\"inLanguage\":\"en-US\",\"potentialAction\":[{\"@type\":\"ReadAction\",\"target\":[\"https:\/\/plasticos-brello.com\/en\/\"]}]},{\"@type\":\"BreadcrumbList\",\"@id\":\"https:\/\/plasticos-brello.com\/en\/#breadcrumb\",\"itemListElement\":[{\"@type\":\"ListItem\",\"position\":1,\"name\":\"Portada\",\"item\":\"https:\/\/plasticos-brello.com\/en\/\"},{\"@type\":\"ListItem\",\"position\":2,\"name\":\"Home\"}]}]}<\/script>\n<!-- \/ Yoast SEO plugin. -->","yoast_head_json":{"title":"Plastic Product Manufacter - Plasticos Brello UK","description":"Based in Navarra, Spain, we manufacture small and large plastic parts for various sectors. Experts in the manufacture of two-component and one-component parts.","robots":{"index":"index","follow":"follow","max-snippet":"max-snippet:-1","max-image-preview":"max-image-preview:large","max-video-preview":"max-video-preview:-1"},"canonical":"https:\/\/plasticos-brello.com\/en\/","og_locale":"en_US","og_type":"article","og_title":"Plastic Product Manufacter - Plasticos Brello UK","og_description":"Based in Navarra, Spain, we manufacture small and large plastic parts for various sectors. Experts in the manufacture of two-component and one-component parts.","og_url":"https:\/\/plasticos-brello.com\/en\/","og_site_name":"Pl\u00e1sticos Brello","article_modified_time":"2021-11-08T12:27:21+00:00","twitter_card":"summary","schema":{"@context":"https:\/\/schema.org","@graph":[{"@type":"WebSite","@id":"https:\/\/plasticos-brello.com\/de\/#website","url":"https:\/\/plasticos-brello.com\/de\/","name":"Pl\u00e1sticos Brello","description":"Inyecci\u00f3n de termopl\u00e1sticos","potentialAction":[{"@type":"SearchAction","target":{"@type":"EntryPoint","urlTemplate":"https:\/\/plasticos-brello.com\/de\/?s={search_term_string}"},"query-input":"required name=search_term_string"}],"inLanguage":"en-US"},{"@type":"WebPage","@id":"https:\/\/plasticos-brello.com\/en\/#webpage","url":"https:\/\/plasticos-brello.com\/en\/","name":"Plastic Product Manufacter - Plasticos Brello UK","isPartOf":{"@id":"https:\/\/plasticos-brello.com\/de\/#website"},"datePublished":"2016-05-09T08:50:25+00:00","dateModified":"2021-11-08T12:27:21+00:00","description":"Based in Navarra, Spain, we manufacture small and large plastic parts for various sectors. Experts in the manufacture of two-component and one-component parts.","breadcrumb":{"@id":"https:\/\/plasticos-brello.com\/en\/#breadcrumb"},"inLanguage":"en-US","potentialAction":[{"@type":"ReadAction","target":["https:\/\/plasticos-brello.com\/en\/"]}]},{"@type":"BreadcrumbList","@id":"https:\/\/plasticos-brello.com\/en\/#breadcrumb","itemListElement":[{"@type":"ListItem","position":1,"name":"Portada","item":"https:\/\/plasticos-brello.com\/en\/"},{"@type":"ListItem","position":2,"name":"Home"}]}]}},"_links":{"self":[{"href":"https:\/\/plasticos-brello.com\/en\/wp-json\/wp\/v2\/pages\/676"}],"collection":[{"href":"https:\/\/plasticos-brello.com\/en\/wp-json\/wp\/v2\/pages"}],"about":[{"href":"https:\/\/plasticos-brello.com\/en\/wp-json\/wp\/v2\/types\/page"}],"author":[{"embeddable":true,"href":"https:\/\/plasticos-brello.com\/en\/wp-json\/wp\/v2\/users\/1"}],"replies":[{"embeddable":true,"href":"https:\/\/plasticos-brello.com\/en\/wp-json\/wp\/v2\/comments?post=676"}],"version-history":[{"count":3,"href":"https:\/\/plasticos-brello.com\/en\/wp-json\/wp\/v2\/pages\/676\/revisions"}],"predecessor-version":[{"id":2054,"href":"https:\/\/plasticos-brello.com\/en\/wp-json\/wp\/v2\/pages\/676\/revisions\/2054"}],"wp:attachment":[{"href":"https:\/\/plasticos-brello.com\/en\/wp-json\/wp\/v2\/media?parent=676"}],"curies":[{"name":"wp","href":"https:\/\/api.w.org\/{rel}","templated":true}]}}