{"id":1006,"date":"2019-07-05T12:15:16","date_gmt":"2019-07-05T12:15:16","guid":{"rendered":"http:\/\/plasticos-brello.com\/?page_id=1006"},"modified":"2019-07-05T12:15:16","modified_gmt":"2019-07-05T12:15:16","slug":"cookies","status":"publish","type":"page","link":"https:\/\/plasticos-brello.com\/fr\/cookies\/","title":{"rendered":"Cookies"},"content":{"rendered":"<h1>PL\u00c1STICOS BRELLO utilise des cookies<\/h1>\n<p>Pl\u00e1sticos Brello utilise des cookies pour am\u00e9liorer l&rsquo;exp\u00e9rience des utilisateurs, facilitant la navigation sur notre site web. Nous faisons tout notre possible pour faciliter l&rsquo;utilisation de ces cookies ainsi que leur gestion et contr\u00f4le lors de l\u2019utilisation de nos services.<\/p>\n<h2>Que sont les cookies ?<\/h2>\n<p>Les cookies sont de petits fichiers texte qui sont stock\u00e9s sur le dispositif de l&rsquo;utilisateur de l&rsquo;Internet ayant visit\u00e9 une page web. C&rsquo;est l&rsquo;op\u00e9rateur du site web qui d\u00e9termine quel type d&rsquo;information contient le cookie et quel est son but, pouvant en outre \u00eatre utilis\u00e9e par le serveur web chaque fois que vous visitez ce site. Les cookies sont utilis\u00e9s pour gagner du temps et rendre l&rsquo;exp\u00e9rience de navigation web beaucoup plus efficace. Toutefois, ils peuvent \u00eatre utilis\u00e9s avec plusieurs objectifs diff\u00e9rents comme par exemple rappeler les informations de connexion ou le contenu de votre demande d&rsquo;achat.<\/p>\n<p>Il y a une grande quantit\u00e9 de guides qui explique ce que sont les cookies et leurs utilisations. Pour notre part, nous vous expliquerons comment ces cookies affectent sur la page web de Pl\u00e1sticos Brello, mais si vous avez besoin de plus d&rsquo;informations \u00e0 ce sujet, veuillez visiter les pages suivantes :<\/p>\n<ul>\n<li><a href=\"http:\/\/www.allaboutcookies.org\/\">http:\/\/www.allaboutcookies.org<\/a><\/li>\n<li><a href=\"http:\/\/www.youronlinechoices.eu\/\">http:\/\/www.youronlinechoices.eu<\/a><\/li>\n<li><a href=\"http:\/\/www.international-chamber.co.uk\/our-expertise\/digitaleconomy\">http:\/\/www.international-chamber.co.uk\/our-expertise\/digitaleconomy<\/a><\/li>\n<\/ul>\n<h2>Comment PL\u00c1STICOS BRELLO utilise les cookies ?<\/h2>\n<p>Pl\u00e1sticos Brello utilisera uniquement les cookies que vous nous autoriser \u00e0 utiliser. Vous pouvez contr\u00f4ler vos cookies via votre navigateur. Vous pouvez trouver plus d&rsquo;informations \u00e0 ce sujet ci-dessous. Nous avons utilis\u00e9 certaines des guides existants pour classer les cookies que nous utilisons en plusieurs groupes :<\/p>\n<ul>\n<li>Cookies de performance<\/li>\n<li>Cookies de fonctionnalit\u00e9s<\/li>\n<li>Cookies de marketing<\/li>\n<\/ul>\n<p>Vous trouverez plus d&rsquo;informations sur chacun de ces types de cookies.<\/p>\n<ol>\n<li>\n<h3>COOKIES DE PERFORMANCE<\/h3>\n<\/li>\n<\/ol>\n<p>Ces cookies nous permettent de recueillir des informations sur la fa\u00e7on dont vous utilisez le site (par exemple, les pages visit\u00e9es ou les \u00e9ventuelles erreurs), qui aident \u00e0 Pl\u00e1sticos Brello \u00e0 localiser et \u00e0 r\u00e9soudre les probl\u00e8mes du site web. Tous les renseignements collect\u00e9s sont totalement anonymes, ils permettent de comprendre le fonctionnement du site et d\u2019apporter les am\u00e9liorations n\u00e9cessaires pour faciliter la navigation.<\/p>\n<p>Ces cookies permettront :<\/p>\n<p>\u00c0 l\u2019utilisateur de surfer sur le site<\/p>\n<p>Que Pl\u00e1sticos Brello puisse recompiler les informations sur la fa\u00e7on dont vous utiliser la page web, et \u00e0 nous aider \u00e0 mettre en \u0153uvre les am\u00e9liorations n\u00e9cessaires. Les informations conserv\u00e9es ne peuvent \u00eatre utilis\u00e9es \u00e0 des fins commerciales, ni d&rsquo;informations sur vos pr\u00e9f\u00e9rences (telles que vos donn\u00e9es d&rsquo;utilisateur), au-del\u00e0 de la dur\u00e9e de votre visite.<\/p>\n<ol start=\"2\">\n<li>\n<h3>COOKIES DE FONCTIONNALIT\u00c9S<\/h3>\n<\/li>\n<\/ol>\n<p>Notre but avec ces cookies n&rsquo;est autre que d&rsquo;am\u00e9liorer l&rsquo;exp\u00e9rience des utilisateurs de Pl\u00e1sticos Brello. Vous pouvez \u00e0 tout moment refuser l&rsquo;utilisation de ces cookies. Pl\u00e1sticos Brello utilise ces cookies qui permettent au site de m\u00e9moriser les choix que vous avez effectu\u00e9s ou pour fournir certains services ou des messages qui peuvent parvenir \u00e0 am\u00e9liorer votre exp\u00e9rience sur notre site. Par exemple, pour stocker des donn\u00e9es tel le pays ou de la langue que vous avez s\u00e9lectionn\u00e9 lorsque vous visitez les pages et ne sont pas utilis\u00e9s \u00e0 des fins de marketing.<\/p>\n<p>Ces cookies permettront :<\/p>\n<p>Se souvenir de votre identification d&rsquo;acc\u00e8s lors des visites suivantes.<\/p>\n<p>Les informations conserv\u00e9es ne peuvent \u00eatre utilis\u00e9es \u00e0 des fins commerciales, ni d&rsquo;informations sur vos pr\u00e9f\u00e9rences (telles que vos donn\u00e9es d&rsquo;utilisateur), au-del\u00e0 de la dur\u00e9e de votre visite.<\/p>\n<ol start=\"3\">\n<li>\n<h3>COOKIES DE MARKETING<\/h3>\n<\/li>\n<\/ol>\n<p>Il s\u2019agit de cookies provenant des sites internet tiers. Vous pouvez utiliser les outils de ces tiers pour restreindre l&rsquo;utilisation de tels cookies. Certaines des cookies sont utilis\u00e9s et contiennent des liens et\/ou des contenus renvoyant vers d&rsquo;autres sites qui fournissent certains services \u00e0 Pl\u00e1sticos Brello, comme par exemple le cas de Facebook, Twitter ou Google. Certaines de ces cookies modifient les avis d&rsquo;autres webs pour les adapter \u00e0 vos pr\u00e9f\u00e9rences.<\/p>\n<p>Ces cookies permettront de :<\/p>\n<p>Renvoyer vers des r\u00e9seaux sociaux<\/p>\n<p>Passer des informations sur sa visite \u00e0 la page de Pl\u00e1sticos Brello pour adapter des annonces dans d&rsquo;autres pages.<\/p>\n<p>En outre accepter ou rejeter l&rsquo;utilisation de certains cookies par le biais de la page web de Pl\u00e1sticos Brello, peut \u00e9galement les g\u00e9rer en faisant usage de la configuration de votre navigateur.<\/p>\n<p>Voici une source d&rsquo;informations sur la fa\u00e7on de mener \u00e0 bien ce processus : <a href=\"http:\/\/www.allaboutcookies.org\/manage-cookies\/\">http:\/\/www.allaboutcookies.org\/manage-cookies\/<\/a><\/p>\n<p>Nous lirons ou ajouterons des cookies uniquement au sujet de vos pr\u00e9f\u00e9rences.\u00a0 Ceux qui ont \u00e9t\u00e9 install\u00e9s avant de modifier la configuration resteront sur votre ordinateur et vous pouvez les supprimer en utilisant les options de configuration de votre navigateur.<\/p>\n<p>&nbsp;<\/p>\n","protected":false},"excerpt":{"rendered":"<p>PL\u00c1STICOS BRELLO utilise des cookies Pl\u00e1sticos Brello utilise des cookies pour am\u00e9liorer l&rsquo;exp\u00e9rience des utilisateurs, facilitant la navigation sur notre site web. Nous faisons tout notre possible pour faciliter l&rsquo;utilisation de ces cookies ainsi que leur gestion et contr\u00f4le lors de l\u2019utilisation de nos services. Que sont les cookies ? Les cookies sont de petits fichiers texte qui sont stock\u00e9s sur le dispositif de l&rsquo;utilisateur de l&rsquo;Internet ayant visit\u00e9 une page web. C&rsquo;est l&rsquo;op\u00e9rateur du site web qui d\u00e9termine quel type d&rsquo;information contient le cookie et quel est son but, pouvant en outre \u00eatre utilis\u00e9e par le serveur web chaque fois que vous visitez ce site. Les cookies sont utilis\u00e9s pour gagner du temps et rendre l&rsquo;exp\u00e9rience de navigation web beaucoup plus efficace. Toutefois, ils peuvent \u00eatre utilis\u00e9s avec plusieurs objectifs diff\u00e9rents comme par exemple rappeler les informations de connexion ou le contenu de votre demande d&rsquo;achat. Il y a une grande quantit\u00e9 de guides qui explique ce que sont les cookies et leurs utilisations. Pour notre part, nous vous expliquerons comment ces cookies affectent sur la page web de Pl\u00e1sticos Brello, mais si vous avez besoin de plus d&rsquo;informations \u00e0 ce sujet, veuillez visiter les pages suivantes : http:\/\/www.allaboutcookies.org http:\/\/www.youronlinechoices.eu http:\/\/www.international-chamber.co.uk\/our-expertise\/digitaleconomy Comment PL\u00c1STICOS BRELLO utilise les cookies ? Pl\u00e1sticos Brello utilisera uniquement les cookies que vous nous autoriser \u00e0 utiliser. Vous pouvez contr\u00f4ler vos cookies via votre navigateur. Vous pouvez trouver plus d&rsquo;informations \u00e0 ce sujet ci-dessous. Nous avons utilis\u00e9 certaines des guides existants pour classer les cookies que nous utilisons en plusieurs groupes : Cookies de performance Cookies de fonctionnalit\u00e9s Cookies de marketing Vous trouverez plus d&rsquo;informations sur chacun de ces types de cookies. COOKIES DE PERFORMANCE Ces cookies nous permettent de recueillir des informations sur la fa\u00e7on dont vous utilisez le site (par exemple, les pages visit\u00e9es ou les \u00e9ventuelles erreurs), qui aident \u00e0 Pl\u00e1sticos Brello \u00e0 localiser et \u00e0 r\u00e9soudre les probl\u00e8mes du site web. Tous les renseignements collect\u00e9s sont totalement anonymes, ils permettent de comprendre le fonctionnement du site et d\u2019apporter les am\u00e9liorations n\u00e9cessaires pour faciliter la navigation. Ces cookies permettront : \u00c0 l\u2019utilisateur de surfer sur le site Que Pl\u00e1sticos Brello puisse recompiler les informations sur la fa\u00e7on dont vous utiliser la page web, et \u00e0 nous aider \u00e0 mettre en \u0153uvre les am\u00e9liorations n\u00e9cessaires. Les informations conserv\u00e9es ne peuvent \u00eatre utilis\u00e9es \u00e0 des fins commerciales, ni d&rsquo;informations sur vos pr\u00e9f\u00e9rences (telles que vos donn\u00e9es d&rsquo;utilisateur), au-del\u00e0 de la dur\u00e9e de votre visite. COOKIES DE FONCTIONNALIT\u00c9S Notre but avec ces cookies n&rsquo;est autre que d&rsquo;am\u00e9liorer l&rsquo;exp\u00e9rience des utilisateurs de Pl\u00e1sticos Brello. Vous pouvez \u00e0 tout moment refuser l&rsquo;utilisation de ces cookies. Pl\u00e1sticos Brello utilise ces cookies qui permettent au site de m\u00e9moriser les choix que vous avez effectu\u00e9s ou pour fournir certains services ou des messages qui peuvent parvenir \u00e0 am\u00e9liorer votre exp\u00e9rience sur notre site. Par exemple, pour stocker des donn\u00e9es tel le pays ou de la langue que vous avez s\u00e9lectionn\u00e9 lorsque vous visitez les pages et ne sont pas utilis\u00e9s \u00e0<span class=\"excerpt-hellip\"> [\u2026]<\/span><\/p>\n","protected":false},"author":1,"featured_media":0,"parent":0,"menu_order":0,"comment_status":"closed","ping_status":"closed","template":"","meta":[],"acf":[],"yoast_head":"<!-- This site is optimized with the Yoast SEO plugin v18.9 - https:\/\/yoast.com\/wordpress\/plugins\/seo\/ -->\n<title>Cookies - Pl\u00e1sticos Brello<\/title>\n<meta name=\"robots\" content=\"index, follow, max-snippet:-1, max-image-preview:large, max-video-preview:-1\" \/>\n<link rel=\"canonical\" href=\"https:\/\/plasticos-brello.com\/fr\/cookies\/\" \/>\n<meta property=\"og:locale\" content=\"fr_FR\" \/>\n<meta property=\"og:type\" content=\"article\" \/>\n<meta property=\"og:title\" content=\"Cookies - Pl\u00e1sticos Brello\" \/>\n<meta property=\"og:description\" content=\"PL\u00c1STICOS BRELLO utilise des cookies Pl\u00e1sticos Brello utilise des cookies pour am\u00e9liorer l&rsquo;exp\u00e9rience des utilisateurs, facilitant la navigation sur notre site web. Nous faisons tout notre possible pour faciliter l&rsquo;utilisation de ces cookies ainsi que leur gestion et contr\u00f4le lors de l\u2019utilisation de nos services. Que sont les cookies ? Les cookies sont de petits fichiers texte qui sont stock\u00e9s sur le dispositif de l&rsquo;utilisateur de l&rsquo;Internet ayant visit\u00e9 une page web. C&rsquo;est l&rsquo;op\u00e9rateur du site web qui d\u00e9termine quel type d&rsquo;information contient le cookie et quel est son but, pouvant en outre \u00eatre utilis\u00e9e par le serveur web chaque fois que vous visitez ce site. Les cookies sont utilis\u00e9s pour gagner du temps et rendre l&rsquo;exp\u00e9rience de navigation web beaucoup plus efficace. Toutefois, ils peuvent \u00eatre utilis\u00e9s avec plusieurs objectifs diff\u00e9rents comme par exemple rappeler les informations de connexion ou le contenu de votre demande d&rsquo;achat. Il y a une grande quantit\u00e9 de guides qui explique ce que sont les cookies et leurs utilisations. Pour notre part, nous vous expliquerons comment ces cookies affectent sur la page web de Pl\u00e1sticos Brello, mais si vous avez besoin de plus d&rsquo;informations \u00e0 ce sujet, veuillez visiter les pages suivantes : http:\/\/www.allaboutcookies.org http:\/\/www.youronlinechoices.eu http:\/\/www.international-chamber.co.uk\/our-expertise\/digitaleconomy Comment PL\u00c1STICOS BRELLO utilise les cookies ? Pl\u00e1sticos Brello utilisera uniquement les cookies que vous nous autoriser \u00e0 utiliser. Vous pouvez contr\u00f4ler vos cookies via votre navigateur. Vous pouvez trouver plus d&rsquo;informations \u00e0 ce sujet ci-dessous. Nous avons utilis\u00e9 certaines des guides existants pour classer les cookies que nous utilisons en plusieurs groupes : Cookies de performance Cookies de fonctionnalit\u00e9s Cookies de marketing Vous trouverez plus d&rsquo;informations sur chacun de ces types de cookies. COOKIES DE PERFORMANCE Ces cookies nous permettent de recueillir des informations sur la fa\u00e7on dont vous utilisez le site (par exemple, les pages visit\u00e9es ou les \u00e9ventuelles erreurs), qui aident \u00e0 Pl\u00e1sticos Brello \u00e0 localiser et \u00e0 r\u00e9soudre les probl\u00e8mes du site web. Tous les renseignements collect\u00e9s sont totalement anonymes, ils permettent de comprendre le fonctionnement du site et d\u2019apporter les am\u00e9liorations n\u00e9cessaires pour faciliter la navigation. Ces cookies permettront : \u00c0 l\u2019utilisateur de surfer sur le site Que Pl\u00e1sticos Brello puisse recompiler les informations sur la fa\u00e7on dont vous utiliser la page web, et \u00e0 nous aider \u00e0 mettre en \u0153uvre les am\u00e9liorations n\u00e9cessaires. Les informations conserv\u00e9es ne peuvent \u00eatre utilis\u00e9es \u00e0 des fins commerciales, ni d&rsquo;informations sur vos pr\u00e9f\u00e9rences (telles que vos donn\u00e9es d&rsquo;utilisateur), au-del\u00e0 de la dur\u00e9e de votre visite. COOKIES DE FONCTIONNALIT\u00c9S Notre but avec ces cookies n&rsquo;est autre que d&rsquo;am\u00e9liorer l&rsquo;exp\u00e9rience des utilisateurs de Pl\u00e1sticos Brello. Vous pouvez \u00e0 tout moment refuser l&rsquo;utilisation de ces cookies. Pl\u00e1sticos Brello utilise ces cookies qui permettent au site de m\u00e9moriser les choix que vous avez effectu\u00e9s ou pour fournir certains services ou des messages qui peuvent parvenir \u00e0 am\u00e9liorer votre exp\u00e9rience sur notre site. Par exemple, pour stocker des donn\u00e9es tel le pays ou de la langue que vous avez s\u00e9lectionn\u00e9 lorsque vous visitez les pages et ne sont pas utilis\u00e9s \u00e0 [\u2026]\" \/>\n<meta property=\"og:url\" content=\"https:\/\/plasticos-brello.com\/fr\/cookies\/\" \/>\n<meta property=\"og:site_name\" content=\"Pl\u00e1sticos Brello\" \/>\n<meta name=\"twitter:card\" content=\"summary\" \/>\n<meta name=\"twitter:label1\" content=\"Dur\u00e9e de lecture estim\u00e9e\" \/>\n\t<meta name=\"twitter:data1\" content=\"4 minutes\" \/>\n<script type=\"application\/ld+json\" class=\"yoast-schema-graph\">{\"@context\":\"https:\/\/schema.org\",\"@graph\":[{\"@type\":\"WebSite\",\"@id\":\"https:\/\/plasticos-brello.com\/de\/#website\",\"url\":\"https:\/\/plasticos-brello.com\/de\/\",\"name\":\"Pl\u00e1sticos Brello\",\"description\":\"Inyecci\u00f3n de termopl\u00e1sticos\",\"potentialAction\":[{\"@type\":\"SearchAction\",\"target\":{\"@type\":\"EntryPoint\",\"urlTemplate\":\"https:\/\/plasticos-brello.com\/de\/?s={search_term_string}\"},\"query-input\":\"required name=search_term_string\"}],\"inLanguage\":\"fr-FR\"},{\"@type\":\"WebPage\",\"@id\":\"https:\/\/plasticos-brello.com\/fr\/cookies\/#webpage\",\"url\":\"https:\/\/plasticos-brello.com\/fr\/cookies\/\",\"name\":\"Cookies - Pl\u00e1sticos Brello\",\"isPartOf\":{\"@id\":\"https:\/\/plasticos-brello.com\/de\/#website\"},\"datePublished\":\"2019-07-05T12:15:16+00:00\",\"dateModified\":\"2019-07-05T12:15:16+00:00\",\"breadcrumb\":{\"@id\":\"https:\/\/plasticos-brello.com\/fr\/cookies\/#breadcrumb\"},\"inLanguage\":\"fr-FR\",\"potentialAction\":[{\"@type\":\"ReadAction\",\"target\":[\"https:\/\/plasticos-brello.com\/fr\/cookies\/\"]}]},{\"@type\":\"BreadcrumbList\",\"@id\":\"https:\/\/plasticos-brello.com\/fr\/cookies\/#breadcrumb\",\"itemListElement\":[{\"@type\":\"ListItem\",\"position\":1,\"name\":\"Portada\",\"item\":\"https:\/\/plasticos-brello.com\/fr\/\"},{\"@type\":\"ListItem\",\"position\":2,\"name\":\"Cookies\"}]}]}<\/script>\n<!-- \/ Yoast SEO plugin. -->","yoast_head_json":{"title":"Cookies - Pl\u00e1sticos Brello","robots":{"index":"index","follow":"follow","max-snippet":"max-snippet:-1","max-image-preview":"max-image-preview:large","max-video-preview":"max-video-preview:-1"},"canonical":"https:\/\/plasticos-brello.com\/fr\/cookies\/","og_locale":"fr_FR","og_type":"article","og_title":"Cookies - Pl\u00e1sticos Brello","og_description":"PL\u00c1STICOS BRELLO utilise des cookies Pl\u00e1sticos Brello utilise des cookies pour am\u00e9liorer l&rsquo;exp\u00e9rience des utilisateurs, facilitant la navigation sur notre site web. Nous faisons tout notre possible pour faciliter l&rsquo;utilisation de ces cookies ainsi que leur gestion et contr\u00f4le lors de l\u2019utilisation de nos services. Que sont les cookies ? Les cookies sont de petits fichiers texte qui sont stock\u00e9s sur le dispositif de l&rsquo;utilisateur de l&rsquo;Internet ayant visit\u00e9 une page web. C&rsquo;est l&rsquo;op\u00e9rateur du site web qui d\u00e9termine quel type d&rsquo;information contient le cookie et quel est son but, pouvant en outre \u00eatre utilis\u00e9e par le serveur web chaque fois que vous visitez ce site. Les cookies sont utilis\u00e9s pour gagner du temps et rendre l&rsquo;exp\u00e9rience de navigation web beaucoup plus efficace. Toutefois, ils peuvent \u00eatre utilis\u00e9s avec plusieurs objectifs diff\u00e9rents comme par exemple rappeler les informations de connexion ou le contenu de votre demande d&rsquo;achat. Il y a une grande quantit\u00e9 de guides qui explique ce que sont les cookies et leurs utilisations. Pour notre part, nous vous expliquerons comment ces cookies affectent sur la page web de Pl\u00e1sticos Brello, mais si vous avez besoin de plus d&rsquo;informations \u00e0 ce sujet, veuillez visiter les pages suivantes : http:\/\/www.allaboutcookies.org http:\/\/www.youronlinechoices.eu http:\/\/www.international-chamber.co.uk\/our-expertise\/digitaleconomy Comment PL\u00c1STICOS BRELLO utilise les cookies ? Pl\u00e1sticos Brello utilisera uniquement les cookies que vous nous autoriser \u00e0 utiliser. Vous pouvez contr\u00f4ler vos cookies via votre navigateur. Vous pouvez trouver plus d&rsquo;informations \u00e0 ce sujet ci-dessous. Nous avons utilis\u00e9 certaines des guides existants pour classer les cookies que nous utilisons en plusieurs groupes : Cookies de performance Cookies de fonctionnalit\u00e9s Cookies de marketing Vous trouverez plus d&rsquo;informations sur chacun de ces types de cookies. COOKIES DE PERFORMANCE Ces cookies nous permettent de recueillir des informations sur la fa\u00e7on dont vous utilisez le site (par exemple, les pages visit\u00e9es ou les \u00e9ventuelles erreurs), qui aident \u00e0 Pl\u00e1sticos Brello \u00e0 localiser et \u00e0 r\u00e9soudre les probl\u00e8mes du site web. Tous les renseignements collect\u00e9s sont totalement anonymes, ils permettent de comprendre le fonctionnement du site et d\u2019apporter les am\u00e9liorations n\u00e9cessaires pour faciliter la navigation. Ces cookies permettront : \u00c0 l\u2019utilisateur de surfer sur le site Que Pl\u00e1sticos Brello puisse recompiler les informations sur la fa\u00e7on dont vous utiliser la page web, et \u00e0 nous aider \u00e0 mettre en \u0153uvre les am\u00e9liorations n\u00e9cessaires. Les informations conserv\u00e9es ne peuvent \u00eatre utilis\u00e9es \u00e0 des fins commerciales, ni d&rsquo;informations sur vos pr\u00e9f\u00e9rences (telles que vos donn\u00e9es d&rsquo;utilisateur), au-del\u00e0 de la dur\u00e9e de votre visite. COOKIES DE FONCTIONNALIT\u00c9S Notre but avec ces cookies n&rsquo;est autre que d&rsquo;am\u00e9liorer l&rsquo;exp\u00e9rience des utilisateurs de Pl\u00e1sticos Brello. Vous pouvez \u00e0 tout moment refuser l&rsquo;utilisation de ces cookies. Pl\u00e1sticos Brello utilise ces cookies qui permettent au site de m\u00e9moriser les choix que vous avez effectu\u00e9s ou pour fournir certains services ou des messages qui peuvent parvenir \u00e0 am\u00e9liorer votre exp\u00e9rience sur notre site. Par exemple, pour stocker des donn\u00e9es tel le pays ou de la langue que vous avez s\u00e9lectionn\u00e9 lorsque vous visitez les pages et ne sont pas utilis\u00e9s \u00e0 [\u2026]","og_url":"https:\/\/plasticos-brello.com\/fr\/cookies\/","og_site_name":"Pl\u00e1sticos Brello","twitter_card":"summary","twitter_misc":{"Dur\u00e9e de lecture estim\u00e9e":"4 minutes"},"schema":{"@context":"https:\/\/schema.org","@graph":[{"@type":"WebSite","@id":"https:\/\/plasticos-brello.com\/de\/#website","url":"https:\/\/plasticos-brello.com\/de\/","name":"Pl\u00e1sticos Brello","description":"Inyecci\u00f3n de termopl\u00e1sticos","potentialAction":[{"@type":"SearchAction","target":{"@type":"EntryPoint","urlTemplate":"https:\/\/plasticos-brello.com\/de\/?s={search_term_string}"},"query-input":"required name=search_term_string"}],"inLanguage":"fr-FR"},{"@type":"WebPage","@id":"https:\/\/plasticos-brello.com\/fr\/cookies\/#webpage","url":"https:\/\/plasticos-brello.com\/fr\/cookies\/","name":"Cookies - Pl\u00e1sticos Brello","isPartOf":{"@id":"https:\/\/plasticos-brello.com\/de\/#website"},"datePublished":"2019-07-05T12:15:16+00:00","dateModified":"2019-07-05T12:15:16+00:00","breadcrumb":{"@id":"https:\/\/plasticos-brello.com\/fr\/cookies\/#breadcrumb"},"inLanguage":"fr-FR","potentialAction":[{"@type":"ReadAction","target":["https:\/\/plasticos-brello.com\/fr\/cookies\/"]}]},{"@type":"BreadcrumbList","@id":"https:\/\/plasticos-brello.com\/fr\/cookies\/#breadcrumb","itemListElement":[{"@type":"ListItem","position":1,"name":"Portada","item":"https:\/\/plasticos-brello.com\/fr\/"},{"@type":"ListItem","position":2,"name":"Cookies"}]}]}},"_links":{"self":[{"href":"https:\/\/plasticos-brello.com\/fr\/wp-json\/wp\/v2\/pages\/1006"}],"collection":[{"href":"https:\/\/plasticos-brello.com\/fr\/wp-json\/wp\/v2\/pages"}],"about":[{"href":"https:\/\/plasticos-brello.com\/fr\/wp-json\/wp\/v2\/types\/page"}],"author":[{"embeddable":true,"href":"https:\/\/plasticos-brello.com\/fr\/wp-json\/wp\/v2\/users\/1"}],"replies":[{"embeddable":true,"href":"https:\/\/plasticos-brello.com\/fr\/wp-json\/wp\/v2\/comments?post=1006"}],"version-history":[{"count":2,"href":"https:\/\/plasticos-brello.com\/fr\/wp-json\/wp\/v2\/pages\/1006\/revisions"}],"predecessor-version":[{"id":1008,"href":"https:\/\/plasticos-brello.com\/fr\/wp-json\/wp\/v2\/pages\/1006\/revisions\/1008"}],"wp:attachment":[{"href":"https:\/\/plasticos-brello.com\/fr\/wp-json\/wp\/v2\/media?parent=1006"}],"curies":[{"name":"wp","href":"https:\/\/api.w.org\/{rel}","templated":true}]}}