{"id":1015,"date":"2019-07-05T12:55:03","date_gmt":"2019-07-05T12:55:03","guid":{"rendered":"http:\/\/plasticos-brello.com\/?page_id=1015"},"modified":"2019-07-05T12:55:18","modified_gmt":"2019-07-05T12:55:18","slug":"plan-du-site","status":"publish","type":"page","link":"https:\/\/plasticos-brello.com\/fr\/plan-du-site\/","title":{"rendered":"Plan du site"},"content":{"rendered":"<p>[vc_row css=\u00a0\u00bb.vc_custom_1508414403502{background-position: center !important;background-repeat: no-repeat !important;background-size: cover !important;}\u00a0\u00bb][vc_column css=\u00a0\u00bb.vc_custom_1508414450708{background-color: #ffffff !important;}\u00a0\u00bb][vc_wp_custommenu nav_menu=\u00a0\u00bb20&Prime;][\/vc_column][\/vc_row]<\/p>\n","protected":false},"excerpt":{"rendered":"<p>[vc_row css=\u00a0\u00bb.vc_custom_1508414403502{background-position: center !important;background-repeat: no-repeat !important;background-size: cover !important;}\u00a0\u00bb][vc_column css=\u00a0\u00bb.vc_custom_1508414450708{background-color: #ffffff !important;}\u00a0\u00bb][vc_wp_custommenu nav_menu=\u00a0\u00bb20&Prime;][\/vc_column][\/vc_row]<\/p>\n","protected":false},"author":1,"featured_media":0,"parent":0,"menu_order":0,"comment_status":"closed","ping_status":"closed","template":"","meta":[],"acf":[],"yoast_head":"<!-- This site is optimized with the Yoast SEO plugin v18.9 - https:\/\/yoast.com\/wordpress\/plugins\/seo\/ -->\n<title>Plan du site - Pl\u00e1sticos Brello<\/title>\n<meta name=\"robots\" content=\"index, follow, max-snippet:-1, max-image-preview:large, max-video-preview:-1\" \/>\n<link rel=\"canonical\" href=\"https:\/\/plasticos-brello.com\/fr\/plan-du-site\/\" \/>\n<meta property=\"og:locale\" content=\"fr_FR\" \/>\n<meta property=\"og:type\" content=\"article\" \/>\n<meta property=\"og:title\" content=\"Plan du site - Pl\u00e1sticos Brello\" \/>\n<meta property=\"og:description\" content=\"[vc_row css=\u00a0\u00bb.vc_custom_1508414403502{background-position: center !important;background-repeat: no-repeat !important;background-size: cover !important;}\u00a0\u00bb][vc_column css=\u00a0\u00bb.vc_custom_1508414450708{background-color: #ffffff !important;}\u00a0\u00bb][vc_wp_custommenu nav_menu=\u00a0\u00bb20&Prime;][\/vc_column][\/vc_row]\" \/>\n<meta property=\"og:url\" content=\"https:\/\/plasticos-brello.com\/fr\/plan-du-site\/\" \/>\n<meta property=\"og:site_name\" content=\"Pl\u00e1sticos Brello\" \/>\n<meta property=\"article:modified_time\" content=\"2019-07-05T12:55:18+00:00\" \/>\n<meta name=\"twitter:card\" content=\"summary\" \/>\n<script type=\"application\/ld+json\" class=\"yoast-schema-graph\">{\"@context\":\"https:\/\/schema.org\",\"@graph\":[{\"@type\":\"WebSite\",\"@id\":\"https:\/\/plasticos-brello.com\/de\/#website\",\"url\":\"https:\/\/plasticos-brello.com\/de\/\",\"name\":\"Pl\u00e1sticos Brello\",\"description\":\"Inyecci\u00f3n de termopl\u00e1sticos\",\"potentialAction\":[{\"@type\":\"SearchAction\",\"target\":{\"@type\":\"EntryPoint\",\"urlTemplate\":\"https:\/\/plasticos-brello.com\/de\/?s={search_term_string}\"},\"query-input\":\"required name=search_term_string\"}],\"inLanguage\":\"fr-FR\"},{\"@type\":\"WebPage\",\"@id\":\"https:\/\/plasticos-brello.com\/fr\/plan-du-site\/#webpage\",\"url\":\"https:\/\/plasticos-brello.com\/fr\/plan-du-site\/\",\"name\":\"Plan du site - Pl\u00e1sticos Brello\",\"isPartOf\":{\"@id\":\"https:\/\/plasticos-brello.com\/de\/#website\"},\"datePublished\":\"2019-07-05T12:55:03+00:00\",\"dateModified\":\"2019-07-05T12:55:18+00:00\",\"breadcrumb\":{\"@id\":\"https:\/\/plasticos-brello.com\/fr\/plan-du-site\/#breadcrumb\"},\"inLanguage\":\"fr-FR\",\"potentialAction\":[{\"@type\":\"ReadAction\",\"target\":[\"https:\/\/plasticos-brello.com\/fr\/plan-du-site\/\"]}]},{\"@type\":\"BreadcrumbList\",\"@id\":\"https:\/\/plasticos-brello.com\/fr\/plan-du-site\/#breadcrumb\",\"itemListElement\":[{\"@type\":\"ListItem\",\"position\":1,\"name\":\"Portada\",\"item\":\"https:\/\/plasticos-brello.com\/fr\/\"},{\"@type\":\"ListItem\",\"position\":2,\"name\":\"Plan du site\"}]}]}<\/script>\n<!-- \/ Yoast SEO plugin. -->","yoast_head_json":{"title":"Plan du site - Pl\u00e1sticos Brello","robots":{"index":"index","follow":"follow","max-snippet":"max-snippet:-1","max-image-preview":"max-image-preview:large","max-video-preview":"max-video-preview:-1"},"canonical":"https:\/\/plasticos-brello.com\/fr\/plan-du-site\/","og_locale":"fr_FR","og_type":"article","og_title":"Plan du site - Pl\u00e1sticos Brello","og_description":"[vc_row css=\u00a0\u00bb.vc_custom_1508414403502{background-position: center !important;background-repeat: no-repeat !important;background-size: cover !important;}\u00a0\u00bb][vc_column css=\u00a0\u00bb.vc_custom_1508414450708{background-color: #ffffff !important;}\u00a0\u00bb][vc_wp_custommenu nav_menu=\u00a0\u00bb20&Prime;][\/vc_column][\/vc_row]","og_url":"https:\/\/plasticos-brello.com\/fr\/plan-du-site\/","og_site_name":"Pl\u00e1sticos Brello","article_modified_time":"2019-07-05T12:55:18+00:00","twitter_card":"summary","schema":{"@context":"https:\/\/schema.org","@graph":[{"@type":"WebSite","@id":"https:\/\/plasticos-brello.com\/de\/#website","url":"https:\/\/plasticos-brello.com\/de\/","name":"Pl\u00e1sticos Brello","description":"Inyecci\u00f3n de termopl\u00e1sticos","potentialAction":[{"@type":"SearchAction","target":{"@type":"EntryPoint","urlTemplate":"https:\/\/plasticos-brello.com\/de\/?s={search_term_string}"},"query-input":"required name=search_term_string"}],"inLanguage":"fr-FR"},{"@type":"WebPage","@id":"https:\/\/plasticos-brello.com\/fr\/plan-du-site\/#webpage","url":"https:\/\/plasticos-brello.com\/fr\/plan-du-site\/","name":"Plan du site - Pl\u00e1sticos Brello","isPartOf":{"@id":"https:\/\/plasticos-brello.com\/de\/#website"},"datePublished":"2019-07-05T12:55:03+00:00","dateModified":"2019-07-05T12:55:18+00:00","breadcrumb":{"@id":"https:\/\/plasticos-brello.com\/fr\/plan-du-site\/#breadcrumb"},"inLanguage":"fr-FR","potentialAction":[{"@type":"ReadAction","target":["https:\/\/plasticos-brello.com\/fr\/plan-du-site\/"]}]},{"@type":"BreadcrumbList","@id":"https:\/\/plasticos-brello.com\/fr\/plan-du-site\/#breadcrumb","itemListElement":[{"@type":"ListItem","position":1,"name":"Portada","item":"https:\/\/plasticos-brello.com\/fr\/"},{"@type":"ListItem","position":2,"name":"Plan du site"}]}]}},"_links":{"self":[{"href":"https:\/\/plasticos-brello.com\/fr\/wp-json\/wp\/v2\/pages\/1015"}],"collection":[{"href":"https:\/\/plasticos-brello.com\/fr\/wp-json\/wp\/v2\/pages"}],"about":[{"href":"https:\/\/plasticos-brello.com\/fr\/wp-json\/wp\/v2\/types\/page"}],"author":[{"embeddable":true,"href":"https:\/\/plasticos-brello.com\/fr\/wp-json\/wp\/v2\/users\/1"}],"replies":[{"embeddable":true,"href":"https:\/\/plasticos-brello.com\/fr\/wp-json\/wp\/v2\/comments?post=1015"}],"version-history":[{"count":3,"href":"https:\/\/plasticos-brello.com\/fr\/wp-json\/wp\/v2\/pages\/1015\/revisions"}],"predecessor-version":[{"id":1018,"href":"https:\/\/plasticos-brello.com\/fr\/wp-json\/wp\/v2\/pages\/1015\/revisions\/1018"}],"wp:attachment":[{"href":"https:\/\/plasticos-brello.com\/fr\/wp-json\/wp\/v2\/media?parent=1015"}],"curies":[{"name":"wp","href":"https:\/\/api.w.org\/{rel}","templated":true}]}}