{"id":576,"date":"2018-02-22T14:16:39","date_gmt":"2018-02-22T14:16:39","guid":{"rendered":"http:\/\/plasticos-brello.com\/?page_id=576"},"modified":"2019-07-05T10:24:06","modified_gmt":"2019-07-05T10:24:06","slug":"atelier-de-maintenance","status":"publish","type":"page","link":"https:\/\/plasticos-brello.com\/fr\/atelier-de-maintenance\/","title":{"rendered":"Atelier de maintenance"},"content":{"rendered":"","protected":false},"excerpt":{"rendered":"","protected":false},"author":1,"featured_media":0,"parent":0,"menu_order":0,"comment_status":"closed","ping_status":"closed","template":"","meta":[],"acf":[],"yoast_head":"<!-- This site is optimized with the Yoast SEO plugin v18.9 - https:\/\/yoast.com\/wordpress\/plugins\/seo\/ -->\n<title>Atelier de maintenance - Pl\u00e1sticos Brello<\/title>\n<meta name=\"robots\" content=\"index, follow, max-snippet:-1, max-image-preview:large, max-video-preview:-1\" \/>\n<link rel=\"canonical\" href=\"https:\/\/plasticos-brello.com\/fr\/atelier-de-maintenance\/\" \/>\n<meta property=\"og:locale\" content=\"fr_FR\" \/>\n<meta property=\"og:type\" content=\"article\" \/>\n<meta property=\"og:title\" content=\"Atelier de maintenance - Pl\u00e1sticos Brello\" \/>\n<meta property=\"og:url\" content=\"https:\/\/plasticos-brello.com\/fr\/atelier-de-maintenance\/\" \/>\n<meta property=\"og:site_name\" content=\"Pl\u00e1sticos Brello\" \/>\n<meta property=\"article:modified_time\" content=\"2019-07-05T10:24:06+00:00\" \/>\n<meta name=\"twitter:card\" content=\"summary\" \/>\n<script type=\"application\/ld+json\" class=\"yoast-schema-graph\">{\"@context\":\"https:\/\/schema.org\",\"@graph\":[{\"@type\":\"WebSite\",\"@id\":\"https:\/\/plasticos-brello.com\/de\/#website\",\"url\":\"https:\/\/plasticos-brello.com\/de\/\",\"name\":\"Pl\u00e1sticos Brello\",\"description\":\"Inyecci\u00f3n de termopl\u00e1sticos\",\"potentialAction\":[{\"@type\":\"SearchAction\",\"target\":{\"@type\":\"EntryPoint\",\"urlTemplate\":\"https:\/\/plasticos-brello.com\/de\/?s={search_term_string}\"},\"query-input\":\"required name=search_term_string\"}],\"inLanguage\":\"fr-FR\"},{\"@type\":\"WebPage\",\"@id\":\"https:\/\/plasticos-brello.com\/fr\/atelier-de-maintenance\/#webpage\",\"url\":\"https:\/\/plasticos-brello.com\/fr\/atelier-de-maintenance\/\",\"name\":\"Atelier de maintenance - Pl\u00e1sticos Brello\",\"isPartOf\":{\"@id\":\"https:\/\/plasticos-brello.com\/de\/#website\"},\"datePublished\":\"2018-02-22T14:16:39+00:00\",\"dateModified\":\"2019-07-05T10:24:06+00:00\",\"breadcrumb\":{\"@id\":\"https:\/\/plasticos-brello.com\/fr\/atelier-de-maintenance\/#breadcrumb\"},\"inLanguage\":\"fr-FR\",\"potentialAction\":[{\"@type\":\"ReadAction\",\"target\":[\"https:\/\/plasticos-brello.com\/fr\/atelier-de-maintenance\/\"]}]},{\"@type\":\"BreadcrumbList\",\"@id\":\"https:\/\/plasticos-brello.com\/fr\/atelier-de-maintenance\/#breadcrumb\",\"itemListElement\":[{\"@type\":\"ListItem\",\"position\":1,\"name\":\"Portada\",\"item\":\"https:\/\/plasticos-brello.com\/fr\/\"},{\"@type\":\"ListItem\",\"position\":2,\"name\":\"Atelier de maintenance\"}]}]}<\/script>\n<!-- \/ Yoast SEO plugin. -->","yoast_head_json":{"title":"Atelier de maintenance - Pl\u00e1sticos Brello","robots":{"index":"index","follow":"follow","max-snippet":"max-snippet:-1","max-image-preview":"max-image-preview:large","max-video-preview":"max-video-preview:-1"},"canonical":"https:\/\/plasticos-brello.com\/fr\/atelier-de-maintenance\/","og_locale":"fr_FR","og_type":"article","og_title":"Atelier de maintenance - Pl\u00e1sticos Brello","og_url":"https:\/\/plasticos-brello.com\/fr\/atelier-de-maintenance\/","og_site_name":"Pl\u00e1sticos Brello","article_modified_time":"2019-07-05T10:24:06+00:00","twitter_card":"summary","schema":{"@context":"https:\/\/schema.org","@graph":[{"@type":"WebSite","@id":"https:\/\/plasticos-brello.com\/de\/#website","url":"https:\/\/plasticos-brello.com\/de\/","name":"Pl\u00e1sticos Brello","description":"Inyecci\u00f3n de termopl\u00e1sticos","potentialAction":[{"@type":"SearchAction","target":{"@type":"EntryPoint","urlTemplate":"https:\/\/plasticos-brello.com\/de\/?s={search_term_string}"},"query-input":"required name=search_term_string"}],"inLanguage":"fr-FR"},{"@type":"WebPage","@id":"https:\/\/plasticos-brello.com\/fr\/atelier-de-maintenance\/#webpage","url":"https:\/\/plasticos-brello.com\/fr\/atelier-de-maintenance\/","name":"Atelier de maintenance - Pl\u00e1sticos Brello","isPartOf":{"@id":"https:\/\/plasticos-brello.com\/de\/#website"},"datePublished":"2018-02-22T14:16:39+00:00","dateModified":"2019-07-05T10:24:06+00:00","breadcrumb":{"@id":"https:\/\/plasticos-brello.com\/fr\/atelier-de-maintenance\/#breadcrumb"},"inLanguage":"fr-FR","potentialAction":[{"@type":"ReadAction","target":["https:\/\/plasticos-brello.com\/fr\/atelier-de-maintenance\/"]}]},{"@type":"BreadcrumbList","@id":"https:\/\/plasticos-brello.com\/fr\/atelier-de-maintenance\/#breadcrumb","itemListElement":[{"@type":"ListItem","position":1,"name":"Portada","item":"https:\/\/plasticos-brello.com\/fr\/"},{"@type":"ListItem","position":2,"name":"Atelier de maintenance"}]}]}},"_links":{"self":[{"href":"https:\/\/plasticos-brello.com\/fr\/wp-json\/wp\/v2\/pages\/576"}],"collection":[{"href":"https:\/\/plasticos-brello.com\/fr\/wp-json\/wp\/v2\/pages"}],"about":[{"href":"https:\/\/plasticos-brello.com\/fr\/wp-json\/wp\/v2\/types\/page"}],"author":[{"embeddable":true,"href":"https:\/\/plasticos-brello.com\/fr\/wp-json\/wp\/v2\/users\/1"}],"replies":[{"embeddable":true,"href":"https:\/\/plasticos-brello.com\/fr\/wp-json\/wp\/v2\/comments?post=576"}],"version-history":[{"count":2,"href":"https:\/\/plasticos-brello.com\/fr\/wp-json\/wp\/v2\/pages\/576\/revisions"}],"predecessor-version":[{"id":578,"href":"https:\/\/plasticos-brello.com\/fr\/wp-json\/wp\/v2\/pages\/576\/revisions\/578"}],"wp:attachment":[{"href":"https:\/\/plasticos-brello.com\/fr\/wp-json\/wp\/v2\/media?parent=576"}],"curies":[{"name":"wp","href":"https:\/\/api.w.org\/{rel}","templated":true}]}}