{"id":677,"date":"2016-05-09T08:50:25","date_gmt":"2016-05-09T08:50:25","guid":{"rendered":"http:\/\/plasticos-brello.com\/home-2\/"},"modified":"2021-11-08T12:27:24","modified_gmt":"2021-11-08T12:27:24","slug":"home-2","status":"publish","type":"page","link":"https:\/\/plasticos-brello.com\/fr\/","title":{"rendered":"Acceuil"},"content":{"rendered":"","protected":false},"excerpt":{"rendered":"","protected":false},"author":1,"featured_media":0,"parent":0,"menu_order":0,"comment_status":"closed","ping_status":"closed","template":"","meta":[],"acf":[],"yoast_head":"<!-- This site is optimized with the Yoast SEO plugin v18.9 - https:\/\/yoast.com\/wordpress\/plugins\/seo\/ -->\n<title>Entreprise Plasturgie - Fabricant de Plastiques Pl\u00e1sticos Brello<\/title>\n<meta name=\"description\" content=\"Bas\u00e9s en Navarre, en Espagne, nous fabriquons des pi\u00e8ces en plastique de petite et grande taille pour divers secteurs. Experts dans la fabrication de pi\u00e8ces bicomposantes et monocomposantes.\" \/>\n<meta name=\"robots\" content=\"index, follow, max-snippet:-1, max-image-preview:large, max-video-preview:-1\" \/>\n<link rel=\"canonical\" href=\"https:\/\/plasticos-brello.com\/fr\/\" \/>\n<meta property=\"og:locale\" content=\"fr_FR\" \/>\n<meta property=\"og:type\" content=\"article\" \/>\n<meta property=\"og:title\" content=\"Entreprise Plasturgie - Fabricant de Plastiques Pl\u00e1sticos Brello\" \/>\n<meta property=\"og:description\" content=\"Bas\u00e9s en Navarre, en Espagne, nous fabriquons des pi\u00e8ces en plastique de petite et grande taille pour divers secteurs. Experts dans la fabrication de pi\u00e8ces bicomposantes et monocomposantes.\" \/>\n<meta property=\"og:url\" content=\"https:\/\/plasticos-brello.com\/fr\/\" \/>\n<meta property=\"og:site_name\" content=\"Pl\u00e1sticos Brello\" \/>\n<meta property=\"article:modified_time\" content=\"2021-11-08T12:27:24+00:00\" \/>\n<meta name=\"twitter:card\" content=\"summary\" \/>\n<script type=\"application\/ld+json\" class=\"yoast-schema-graph\">{\"@context\":\"https:\/\/schema.org\",\"@graph\":[{\"@type\":\"WebSite\",\"@id\":\"https:\/\/plasticos-brello.com\/de\/#website\",\"url\":\"https:\/\/plasticos-brello.com\/de\/\",\"name\":\"Pl\u00e1sticos Brello\",\"description\":\"Inyecci\u00f3n de termopl\u00e1sticos\",\"potentialAction\":[{\"@type\":\"SearchAction\",\"target\":{\"@type\":\"EntryPoint\",\"urlTemplate\":\"https:\/\/plasticos-brello.com\/de\/?s={search_term_string}\"},\"query-input\":\"required name=search_term_string\"}],\"inLanguage\":\"fr-FR\"},{\"@type\":\"WebPage\",\"@id\":\"https:\/\/plasticos-brello.com\/fr\/#webpage\",\"url\":\"https:\/\/plasticos-brello.com\/fr\/\",\"name\":\"Entreprise Plasturgie - Fabricant de Plastiques Pl\u00e1sticos Brello\",\"isPartOf\":{\"@id\":\"https:\/\/plasticos-brello.com\/de\/#website\"},\"datePublished\":\"2016-05-09T08:50:25+00:00\",\"dateModified\":\"2021-11-08T12:27:24+00:00\",\"description\":\"Bas\u00e9s en Navarre, en Espagne, nous fabriquons des pi\u00e8ces en plastique de petite et grande taille pour divers secteurs. Experts dans la fabrication de pi\u00e8ces bicomposantes et monocomposantes.\",\"breadcrumb\":{\"@id\":\"https:\/\/plasticos-brello.com\/fr\/#breadcrumb\"},\"inLanguage\":\"fr-FR\",\"potentialAction\":[{\"@type\":\"ReadAction\",\"target\":[\"https:\/\/plasticos-brello.com\/fr\/\"]}]},{\"@type\":\"BreadcrumbList\",\"@id\":\"https:\/\/plasticos-brello.com\/fr\/#breadcrumb\",\"itemListElement\":[{\"@type\":\"ListItem\",\"position\":1,\"name\":\"Portada\",\"item\":\"https:\/\/plasticos-brello.com\/fr\/\"},{\"@type\":\"ListItem\",\"position\":2,\"name\":\"Acceuil\"}]}]}<\/script>\n<!-- \/ Yoast SEO plugin. -->","yoast_head_json":{"title":"Entreprise Plasturgie - Fabricant de Plastiques Pl\u00e1sticos Brello","description":"Bas\u00e9s en Navarre, en Espagne, nous fabriquons des pi\u00e8ces en plastique de petite et grande taille pour divers secteurs. Experts dans la fabrication de pi\u00e8ces bicomposantes et monocomposantes.","robots":{"index":"index","follow":"follow","max-snippet":"max-snippet:-1","max-image-preview":"max-image-preview:large","max-video-preview":"max-video-preview:-1"},"canonical":"https:\/\/plasticos-brello.com\/fr\/","og_locale":"fr_FR","og_type":"article","og_title":"Entreprise Plasturgie - Fabricant de Plastiques Pl\u00e1sticos Brello","og_description":"Bas\u00e9s en Navarre, en Espagne, nous fabriquons des pi\u00e8ces en plastique de petite et grande taille pour divers secteurs. Experts dans la fabrication de pi\u00e8ces bicomposantes et monocomposantes.","og_url":"https:\/\/plasticos-brello.com\/fr\/","og_site_name":"Pl\u00e1sticos Brello","article_modified_time":"2021-11-08T12:27:24+00:00","twitter_card":"summary","schema":{"@context":"https:\/\/schema.org","@graph":[{"@type":"WebSite","@id":"https:\/\/plasticos-brello.com\/de\/#website","url":"https:\/\/plasticos-brello.com\/de\/","name":"Pl\u00e1sticos Brello","description":"Inyecci\u00f3n de termopl\u00e1sticos","potentialAction":[{"@type":"SearchAction","target":{"@type":"EntryPoint","urlTemplate":"https:\/\/plasticos-brello.com\/de\/?s={search_term_string}"},"query-input":"required name=search_term_string"}],"inLanguage":"fr-FR"},{"@type":"WebPage","@id":"https:\/\/plasticos-brello.com\/fr\/#webpage","url":"https:\/\/plasticos-brello.com\/fr\/","name":"Entreprise Plasturgie - Fabricant de Plastiques Pl\u00e1sticos Brello","isPartOf":{"@id":"https:\/\/plasticos-brello.com\/de\/#website"},"datePublished":"2016-05-09T08:50:25+00:00","dateModified":"2021-11-08T12:27:24+00:00","description":"Bas\u00e9s en Navarre, en Espagne, nous fabriquons des pi\u00e8ces en plastique de petite et grande taille pour divers secteurs. Experts dans la fabrication de pi\u00e8ces bicomposantes et monocomposantes.","breadcrumb":{"@id":"https:\/\/plasticos-brello.com\/fr\/#breadcrumb"},"inLanguage":"fr-FR","potentialAction":[{"@type":"ReadAction","target":["https:\/\/plasticos-brello.com\/fr\/"]}]},{"@type":"BreadcrumbList","@id":"https:\/\/plasticos-brello.com\/fr\/#breadcrumb","itemListElement":[{"@type":"ListItem","position":1,"name":"Portada","item":"https:\/\/plasticos-brello.com\/fr\/"},{"@type":"ListItem","position":2,"name":"Acceuil"}]}]}},"_links":{"self":[{"href":"https:\/\/plasticos-brello.com\/fr\/wp-json\/wp\/v2\/pages\/677"}],"collection":[{"href":"https:\/\/plasticos-brello.com\/fr\/wp-json\/wp\/v2\/pages"}],"about":[{"href":"https:\/\/plasticos-brello.com\/fr\/wp-json\/wp\/v2\/types\/page"}],"author":[{"embeddable":true,"href":"https:\/\/plasticos-brello.com\/fr\/wp-json\/wp\/v2\/users\/1"}],"replies":[{"embeddable":true,"href":"https:\/\/plasticos-brello.com\/fr\/wp-json\/wp\/v2\/comments?post=677"}],"version-history":[{"count":2,"href":"https:\/\/plasticos-brello.com\/fr\/wp-json\/wp\/v2\/pages\/677\/revisions"}],"predecessor-version":[{"id":885,"href":"https:\/\/plasticos-brello.com\/fr\/wp-json\/wp\/v2\/pages\/677\/revisions\/885"}],"wp:attachment":[{"href":"https:\/\/plasticos-brello.com\/fr\/wp-json\/wp\/v2\/media?parent=677"}],"curies":[{"name":"wp","href":"https:\/\/api.w.org\/{rel}","templated":true}]}}