{"id":733,"date":"2017-10-19T07:44:52","date_gmt":"2017-10-19T07:44:52","guid":{"rendered":"http:\/\/plasticos-brello.com\/ingenieria-proyectos\/"},"modified":"2019-07-05T11:08:13","modified_gmt":"2019-07-05T11:08:13","slug":"conception-et-ingenierie-des-projets","status":"publish","type":"page","link":"https:\/\/plasticos-brello.com\/fr\/conception-et-ingenierie-des-projets\/","title":{"rendered":"Conception et ing\u00e9nierie des projets"},"content":{"rendered":"","protected":false},"excerpt":{"rendered":"","protected":false},"author":1,"featured_media":0,"parent":0,"menu_order":0,"comment_status":"closed","ping_status":"closed","template":"","meta":[],"acf":[],"yoast_head":"<!-- This site is optimized with the Yoast SEO plugin v18.9 - https:\/\/yoast.com\/wordpress\/plugins\/seo\/ -->\n<title>Conception et ing\u00e9nierie des projets - Pl\u00e1sticos Brello<\/title>\n<meta name=\"robots\" content=\"index, follow, max-snippet:-1, max-image-preview:large, max-video-preview:-1\" \/>\n<link rel=\"canonical\" href=\"https:\/\/plasticos-brello.com\/fr\/conception-et-ingenierie-des-projets\/\" \/>\n<meta property=\"og:locale\" content=\"fr_FR\" \/>\n<meta property=\"og:type\" content=\"article\" \/>\n<meta property=\"og:title\" content=\"Conception et ing\u00e9nierie des projets - Pl\u00e1sticos Brello\" \/>\n<meta property=\"og:url\" content=\"https:\/\/plasticos-brello.com\/fr\/conception-et-ingenierie-des-projets\/\" \/>\n<meta property=\"og:site_name\" content=\"Pl\u00e1sticos Brello\" \/>\n<meta property=\"article:modified_time\" content=\"2019-07-05T11:08:13+00:00\" \/>\n<meta name=\"twitter:card\" content=\"summary\" \/>\n<script type=\"application\/ld+json\" class=\"yoast-schema-graph\">{\"@context\":\"https:\/\/schema.org\",\"@graph\":[{\"@type\":\"WebSite\",\"@id\":\"https:\/\/plasticos-brello.com\/de\/#website\",\"url\":\"https:\/\/plasticos-brello.com\/de\/\",\"name\":\"Pl\u00e1sticos Brello\",\"description\":\"Inyecci\u00f3n de termopl\u00e1sticos\",\"potentialAction\":[{\"@type\":\"SearchAction\",\"target\":{\"@type\":\"EntryPoint\",\"urlTemplate\":\"https:\/\/plasticos-brello.com\/de\/?s={search_term_string}\"},\"query-input\":\"required name=search_term_string\"}],\"inLanguage\":\"fr-FR\"},{\"@type\":\"WebPage\",\"@id\":\"https:\/\/plasticos-brello.com\/fr\/conception-et-ingenierie-des-projets\/#webpage\",\"url\":\"https:\/\/plasticos-brello.com\/fr\/conception-et-ingenierie-des-projets\/\",\"name\":\"Conception et ing\u00e9nierie des projets - Pl\u00e1sticos Brello\",\"isPartOf\":{\"@id\":\"https:\/\/plasticos-brello.com\/de\/#website\"},\"datePublished\":\"2017-10-19T07:44:52+00:00\",\"dateModified\":\"2019-07-05T11:08:13+00:00\",\"breadcrumb\":{\"@id\":\"https:\/\/plasticos-brello.com\/fr\/conception-et-ingenierie-des-projets\/#breadcrumb\"},\"inLanguage\":\"fr-FR\",\"potentialAction\":[{\"@type\":\"ReadAction\",\"target\":[\"https:\/\/plasticos-brello.com\/fr\/conception-et-ingenierie-des-projets\/\"]}]},{\"@type\":\"BreadcrumbList\",\"@id\":\"https:\/\/plasticos-brello.com\/fr\/conception-et-ingenierie-des-projets\/#breadcrumb\",\"itemListElement\":[{\"@type\":\"ListItem\",\"position\":1,\"name\":\"Portada\",\"item\":\"https:\/\/plasticos-brello.com\/fr\/\"},{\"@type\":\"ListItem\",\"position\":2,\"name\":\"Conception et ing\u00e9nierie des projets\"}]}]}<\/script>\n<!-- \/ Yoast SEO plugin. -->","yoast_head_json":{"title":"Conception et ing\u00e9nierie des projets - Pl\u00e1sticos Brello","robots":{"index":"index","follow":"follow","max-snippet":"max-snippet:-1","max-image-preview":"max-image-preview:large","max-video-preview":"max-video-preview:-1"},"canonical":"https:\/\/plasticos-brello.com\/fr\/conception-et-ingenierie-des-projets\/","og_locale":"fr_FR","og_type":"article","og_title":"Conception et ing\u00e9nierie des projets - Pl\u00e1sticos Brello","og_url":"https:\/\/plasticos-brello.com\/fr\/conception-et-ingenierie-des-projets\/","og_site_name":"Pl\u00e1sticos Brello","article_modified_time":"2019-07-05T11:08:13+00:00","twitter_card":"summary","schema":{"@context":"https:\/\/schema.org","@graph":[{"@type":"WebSite","@id":"https:\/\/plasticos-brello.com\/de\/#website","url":"https:\/\/plasticos-brello.com\/de\/","name":"Pl\u00e1sticos Brello","description":"Inyecci\u00f3n de termopl\u00e1sticos","potentialAction":[{"@type":"SearchAction","target":{"@type":"EntryPoint","urlTemplate":"https:\/\/plasticos-brello.com\/de\/?s={search_term_string}"},"query-input":"required name=search_term_string"}],"inLanguage":"fr-FR"},{"@type":"WebPage","@id":"https:\/\/plasticos-brello.com\/fr\/conception-et-ingenierie-des-projets\/#webpage","url":"https:\/\/plasticos-brello.com\/fr\/conception-et-ingenierie-des-projets\/","name":"Conception et ing\u00e9nierie des projets - Pl\u00e1sticos Brello","isPartOf":{"@id":"https:\/\/plasticos-brello.com\/de\/#website"},"datePublished":"2017-10-19T07:44:52+00:00","dateModified":"2019-07-05T11:08:13+00:00","breadcrumb":{"@id":"https:\/\/plasticos-brello.com\/fr\/conception-et-ingenierie-des-projets\/#breadcrumb"},"inLanguage":"fr-FR","potentialAction":[{"@type":"ReadAction","target":["https:\/\/plasticos-brello.com\/fr\/conception-et-ingenierie-des-projets\/"]}]},{"@type":"BreadcrumbList","@id":"https:\/\/plasticos-brello.com\/fr\/conception-et-ingenierie-des-projets\/#breadcrumb","itemListElement":[{"@type":"ListItem","position":1,"name":"Portada","item":"https:\/\/plasticos-brello.com\/fr\/"},{"@type":"ListItem","position":2,"name":"Conception et ing\u00e9nierie des projets"}]}]}},"_links":{"self":[{"href":"https:\/\/plasticos-brello.com\/fr\/wp-json\/wp\/v2\/pages\/733"}],"collection":[{"href":"https:\/\/plasticos-brello.com\/fr\/wp-json\/wp\/v2\/pages"}],"about":[{"href":"https:\/\/plasticos-brello.com\/fr\/wp-json\/wp\/v2\/types\/page"}],"author":[{"embeddable":true,"href":"https:\/\/plasticos-brello.com\/fr\/wp-json\/wp\/v2\/users\/1"}],"replies":[{"embeddable":true,"href":"https:\/\/plasticos-brello.com\/fr\/wp-json\/wp\/v2\/comments?post=733"}],"version-history":[{"count":2,"href":"https:\/\/plasticos-brello.com\/fr\/wp-json\/wp\/v2\/pages\/733\/revisions"}],"predecessor-version":[{"id":981,"href":"https:\/\/plasticos-brello.com\/fr\/wp-json\/wp\/v2\/pages\/733\/revisions\/981"}],"wp:attachment":[{"href":"https:\/\/plasticos-brello.com\/fr\/wp-json\/wp\/v2\/media?parent=733"}],"curies":[{"name":"wp","href":"https:\/\/api.w.org\/{rel}","templated":true}]}}